{"id":3947,"date":"2024-03-23T16:45:54","date_gmt":"2024-03-23T20:45:54","guid":{"rendered":"https:\/\/antiquelimoservices.ca\/?page_id=3947"},"modified":"2024-03-25T20:52:03","modified_gmt":"2024-03-26T00:52:03","slug":"limo-rolls-royce-8p-2","status":"publish","type":"page","link":"https:\/\/antiquelimoservices.ca\/fr\/limo-rolls-royce-8p-2\/","title":{"rendered":"Limo Rolls Royce (8P)"},"content":{"rendered":"<div style=\"height:50px\" aria-hidden=\"true\" class=\"wp-block-spacer\"><\/div>\n\n\n\n<div class=\"wp-block-columns is-layout-flex wp-container-core-columns-is-layout-9d6595d7 wp-block-columns-is-layout-flex\">\n<div class=\"wp-block-column is-layout-flow wp-block-column-is-layout-flow\" style=\"flex-basis:33.33%\">\n<p><\/p>\n\n\n\n<p>Limo Rolls Royce (8P)<\/p>\n\n\n\n<h4 class=\"wp-block-heading\">8 Passagers - Unique au Qu\u00e9bec- cr\u00e8me - int\u00e9rieur blanc - A\/C et radio Bluetooth <\/h4>\n<\/div>\n\n\n\n<div class=\"wp-block-column is-layout-flow wp-block-column-is-layout-flow\" style=\"flex-basis:66.66%\"><style>.kb-image3947_7254ca-2e:not(.kb-image-is-ratio-size) .kb-img, .kb-image3947_7254ca-2e.kb-image-is-ratio-size{padding-top:var(--global-kb-spacing-sm, 1.5rem);padding-bottom:var(--global-kb-spacing-xs, 1rem);}.kb-image3947_7254ca-2e .kb-image-has-overlay:after{opacity:0.3;}<\/style>\n<figure class=\"wp-block-kadence-image kb-image3947_7254ca-2e\"><img loading=\"lazy\" decoding=\"async\" width=\"1280\" height=\"628\" src=\"https:\/\/antiquelimoservices.ca\/wp-content\/uploads\/2021\/10\/M_Rolls-Royce-Limo-8-2.jpg\" alt=\"Rolls Royce Limo 8\" class=\"kb-img wp-image-59\" srcset=\"https:\/\/antiquelimoservices.ca\/wp-content\/uploads\/2021\/10\/M_Rolls-Royce-Limo-8-2.jpg 1280w, https:\/\/antiquelimoservices.ca\/wp-content\/uploads\/2021\/10\/M_Rolls-Royce-Limo-8-2-600x294.jpg 600w, https:\/\/antiquelimoservices.ca\/wp-content\/uploads\/2021\/10\/M_Rolls-Royce-Limo-8-2-300x147.jpg 300w, https:\/\/antiquelimoservices.ca\/wp-content\/uploads\/2021\/10\/M_Rolls-Royce-Limo-8-2-1024x502.jpg 1024w, https:\/\/antiquelimoservices.ca\/wp-content\/uploads\/2021\/10\/M_Rolls-Royce-Limo-8-2-768x377.jpg 768w\" sizes=\"auto, (max-width: 1280px) 100vw, 1280px\" \/><figcaption>Limo Rolls Royce (8P)<\/figcaption><\/figure>\n<\/div>\n<\/div>\n\n\n\n<div style=\"height:18px\" aria-hidden=\"true\" class=\"wp-block-spacer\"><\/div>\n\n\n<style>.wp-block-kadence-advancedgallery .kb-gallery-type-grid.kb-gallery-id-3947_0b0bbb-0d{margin:-5px;}.kb-gallery-type-grid.kb-gallery-id-3947_0b0bbb-0d .kadence-blocks-gallery-item{padding:5px;}.kb-gallery-id-3947_0b0bbb-0d .kadence-blocks-gallery-item .kb-gal-image-radius, .kb-gallery-id-3947_0b0bbb-0d .kb-slide-item .kb-gal-image-radius img{border-radius:0px 0px 0px 0px;;}<\/style><div class=\"kb-gallery-wrap-id-3947_0b0bbb-0d alignnone wp-block-kadence-advancedgallery\"><ul class=\"kb-gallery-ul kb-gallery-non-static kb-gallery-type-grid kb-gallery-id-3947_0b0bbb-0d kb-gallery-caption-style-bottom-hover kb-gallery-filter-none kb-gallery-magnific-init\" data-image-filter=\"none\" data-item-selector=\".kadence-blocks-gallery-item\" data-lightbox-caption=\"true\" data-columns-xxl=\"3\" data-columns-xl=\"3\" data-columns-md=\"3\" data-columns-sm=\"2\" data-columns-xs=\"1\" data-columns-ss=\"1\"><li class=\"kadence-blocks-gallery-item\"><div class=\"kadence-blocks-gallery-item-inner\"><figure class=\"kb-gallery-figure kb-gallery-item-has-link kadence-blocks-gallery-item-hide-caption\"><a href=\"https:\/\/antiquelimoservices.ca\/wp-content\/uploads\/2024\/03\/Limo-023.jpg\" class=\"kb-gallery-item-link\"   role=\"button\" aria-haspopup=\"dialog\"><div class=\"kb-gal-image-radius\"><div class=\"kb-gallery-image-contain kadence-blocks-gallery-intrinsic kb-gallery-image-ratio-land32 kb-has-image-ratio-land32\" ><img loading=\"lazy\" decoding=\"async\" src=\"https:\/\/antiquelimoservices.ca\/wp-content\/uploads\/2024\/03\/Limo-023.jpg\" width=\"1024\" height=\"681\" alt=\"\" data-full-image=\"https:\/\/antiquelimoservices.ca\/wp-content\/uploads\/2024\/03\/Limo-023.jpg\" data-light-image=\"https:\/\/antiquelimoservices.ca\/wp-content\/uploads\/2024\/03\/Limo-023.jpg\" data-id=\"3161\" class=\"wp-image-3161\" srcset=\"https:\/\/antiquelimoservices.ca\/wp-content\/uploads\/2024\/03\/Limo-023.jpg 1024w, https:\/\/antiquelimoservices.ca\/wp-content\/uploads\/2024\/03\/Limo-023-300x200.jpg 300w, https:\/\/antiquelimoservices.ca\/wp-content\/uploads\/2024\/03\/Limo-023-768x511.jpg 768w\" sizes=\"auto, (max-width: 1024px) 100vw, 1024px\" \/><\/div><\/div><\/a><\/figure><\/div><\/li><li class=\"kadence-blocks-gallery-item\"><div class=\"kadence-blocks-gallery-item-inner\"><figure class=\"kb-gallery-figure kb-gallery-item-has-link kadence-blocks-gallery-item-hide-caption\"><a href=\"https:\/\/antiquelimoservices.ca\/wp-content\/uploads\/2024\/03\/C_Rolls-Royce-Limo-8.jpg\" class=\"kb-gallery-item-link\"   role=\"button\" aria-haspopup=\"dialog\"><div class=\"kb-gal-image-radius\"><div class=\"kb-gallery-image-contain kadence-blocks-gallery-intrinsic kb-gallery-image-ratio-land32 kb-has-image-ratio-land32\" ><img loading=\"lazy\" decoding=\"async\" src=\"https:\/\/antiquelimoservices.ca\/wp-content\/uploads\/2024\/03\/C_Rolls-Royce-Limo-8-1024x502.jpg\" width=\"1024\" height=\"502\" alt=\"\" data-full-image=\"https:\/\/antiquelimoservices.ca\/wp-content\/uploads\/2024\/03\/C_Rolls-Royce-Limo-8.jpg\" data-light-image=\"https:\/\/antiquelimoservices.ca\/wp-content\/uploads\/2024\/03\/C_Rolls-Royce-Limo-8.jpg\" data-id=\"3117\" class=\"wp-image-3117\" srcset=\"https:\/\/antiquelimoservices.ca\/wp-content\/uploads\/2024\/03\/C_Rolls-Royce-Limo-8-1024x502.jpg 1024w, https:\/\/antiquelimoservices.ca\/wp-content\/uploads\/2024\/03\/C_Rolls-Royce-Limo-8-300x147.jpg 300w, https:\/\/antiquelimoservices.ca\/wp-content\/uploads\/2024\/03\/C_Rolls-Royce-Limo-8-768x377.jpg 768w, https:\/\/antiquelimoservices.ca\/wp-content\/uploads\/2024\/03\/C_Rolls-Royce-Limo-8.jpg 1280w\" sizes=\"auto, (max-width: 1024px) 100vw, 1024px\" \/><\/div><\/div><\/a><\/figure><\/div><\/li><li class=\"kadence-blocks-gallery-item\"><div class=\"kadence-blocks-gallery-item-inner\"><figure class=\"kb-gallery-figure kb-gallery-item-has-link kadence-blocks-gallery-item-hide-caption\"><a href=\"https:\/\/antiquelimoservices.ca\/wp-content\/uploads\/2021\/10\/M_Limo-Rolls-Royce-8-Int-2.jpg\" class=\"kb-gallery-item-link\"   role=\"button\" aria-haspopup=\"dialog\"><div class=\"kb-gal-image-radius\"><div class=\"kb-gallery-image-contain kadence-blocks-gallery-intrinsic kb-gallery-image-ratio-land32 kb-has-image-ratio-land32\" ><img loading=\"lazy\" decoding=\"async\" src=\"https:\/\/antiquelimoservices.ca\/wp-content\/uploads\/2021\/10\/M_Limo-Rolls-Royce-8-Int-2-1024x502.jpg\" width=\"1024\" height=\"502\" alt=\"\" data-full-image=\"https:\/\/antiquelimoservices.ca\/wp-content\/uploads\/2021\/10\/M_Limo-Rolls-Royce-8-Int-2.jpg\" data-light-image=\"https:\/\/antiquelimoservices.ca\/wp-content\/uploads\/2021\/10\/M_Limo-Rolls-Royce-8-Int-2.jpg\" data-id=\"41\" class=\"wp-image-41\" srcset=\"https:\/\/antiquelimoservices.ca\/wp-content\/uploads\/2021\/10\/M_Limo-Rolls-Royce-8-Int-2-1024x502.jpg 1024w, https:\/\/antiquelimoservices.ca\/wp-content\/uploads\/2021\/10\/M_Limo-Rolls-Royce-8-Int-2-600x294.jpg 600w, https:\/\/antiquelimoservices.ca\/wp-content\/uploads\/2021\/10\/M_Limo-Rolls-Royce-8-Int-2-300x147.jpg 300w, https:\/\/antiquelimoservices.ca\/wp-content\/uploads\/2021\/10\/M_Limo-Rolls-Royce-8-Int-2-768x377.jpg 768w, https:\/\/antiquelimoservices.ca\/wp-content\/uploads\/2021\/10\/M_Limo-Rolls-Royce-8-Int-2.jpg 1280w\" sizes=\"auto, (max-width: 1024px) 100vw, 1024px\" \/><\/div><\/div><\/a><\/figure><\/div><\/li><\/ul><\/div>\n\n\n<div style=\"height:32px\" aria-hidden=\"true\" class=\"wp-block-spacer\"><\/div>\n\n\n\n<div class=\"wp-block-columns is-layout-flex wp-container-core-columns-is-layout-9d6595d7 wp-block-columns-is-layout-flex\">\n<div class=\"wp-block-column is-layout-flow wp-block-column-is-layout-flow\"><style>.wp-block-kadence-advancedbtn.kb-btns3947_244fa2-70{gap:var(--global-kb-gap-xs, 0.5rem );justify-content:center;align-items:center;}.kt-btns3947_244fa2-70 .kt-button{font-weight:normal;font-style:normal;}.kt-btns3947_244fa2-70 .kt-btn-wrap-0{margin-right:5px;}.wp-block-kadence-advancedbtn.kt-btns3947_244fa2-70 .kt-btn-wrap-0 .kt-button{color:#555555;border-color:#555555;}.wp-block-kadence-advancedbtn.kt-btns3947_244fa2-70 .kt-btn-wrap-0 .kt-button:hover, .wp-block-kadence-advancedbtn.kt-btns3947_244fa2-70 .kt-btn-wrap-0 .kt-button:focus{color:#ffffff;border-color:#444444;}.wp-block-kadence-advancedbtn.kt-btns3947_244fa2-70 .kt-btn-wrap-0 .kt-button::before{display:none;}.wp-block-kadence-advancedbtn.kt-btns3947_244fa2-70 .kt-btn-wrap-0 .kt-button:hover, .wp-block-kadence-advancedbtn.kt-btns3947_244fa2-70 .kt-btn-wrap-0 .kt-button:focus{background:#444444;}<\/style>\n<div class=\"wp-block-kadence-advancedbtn kb-buttons-wrap kb-btns3947_244fa2-70\"><style>ul.menu .wp-block-kadence-advancedbtn .kb-btn3947_c4c2af-0c.kb-button{width:initial;}.wp-block-kadence-advancedbtn .kb-btn3947_c4c2af-0c.kb-button{background:#529b4c;}<\/style><a class=\"kb-button kt-button button kb-btn3947_c4c2af-0c kt-btn-size-small kt-btn-width-type-auto kb-btn-global-inherit  kt-btn-has-text-true kt-btn-has-svg-false  wp-block-button__link wp-block-kadence-singlebtn\" href=\"https:\/\/antiquelimoservices.ca\/fr\/pontiac-1934-2\/\"><span class=\"kt-btn-inner-text\">Pr\u00e9c\u00e9dent<\/span><\/a><\/div>\n<\/div>\n\n\n\n<div class=\"wp-block-column is-layout-flow wp-block-column-is-layout-flow\"><style>.wp-block-kadence-advancedbtn.kb-btns3947_9f52b8-e0{gap:var(--global-kb-gap-xs, 0.5rem );justify-content:center;align-items:center;}.kt-btns3947_9f52b8-e0 .kt-button{font-weight:normal;font-style:normal;}.kt-btns3947_9f52b8-e0 .kt-btn-wrap-0{margin-right:5px;}.wp-block-kadence-advancedbtn.kt-btns3947_9f52b8-e0 .kt-btn-wrap-0 .kt-button{color:#555555;border-color:#555555;}.wp-block-kadence-advancedbtn.kt-btns3947_9f52b8-e0 .kt-btn-wrap-0 .kt-button:hover, .wp-block-kadence-advancedbtn.kt-btns3947_9f52b8-e0 .kt-btn-wrap-0 .kt-button:focus{color:#ffffff;border-color:#444444;}.wp-block-kadence-advancedbtn.kt-btns3947_9f52b8-e0 .kt-btn-wrap-0 .kt-button::before{display:none;}.wp-block-kadence-advancedbtn.kt-btns3947_9f52b8-e0 .kt-btn-wrap-0 .kt-button:hover, .wp-block-kadence-advancedbtn.kt-btns3947_9f52b8-e0 .kt-btn-wrap-0 .kt-button:focus{background:#444444;}<\/style>\n<div class=\"wp-block-kadence-advancedbtn kb-buttons-wrap kb-btns3947_9f52b8-e0\"><a class=\"kb-button kt-button button kb-btn3947_f0583b-1c kt-btn-size-small kt-btn-width-type-fixed kb-btn-global-inherit  kt-btn-has-text-true kt-btn-has-svg-false  wp-block-button__link wp-block-kadence-singlebtn\" href=\"https:\/\/antiquelimoservices.ca\/fr\/buick-1926-3\/our-fleet\/\"><span class=\"kt-btn-inner-text\">Retour \u00e0 la liste<\/span><\/a><\/div>\n<\/div>\n\n\n\n<div class=\"wp-block-column is-layout-flow wp-block-column-is-layout-flow\"><style>.wp-block-kadence-advancedbtn.kb-btns3947_e16d66-80{gap:var(--global-kb-gap-xs, 0.5rem );justify-content:center;align-items:center;}.kt-btns3947_e16d66-80 .kt-button{font-weight:normal;font-style:normal;}.kt-btns3947_e16d66-80 .kt-btn-wrap-0{margin-right:5px;}.wp-block-kadence-advancedbtn.kt-btns3947_e16d66-80 .kt-btn-wrap-0 .kt-button{color:#555555;border-color:#555555;}.wp-block-kadence-advancedbtn.kt-btns3947_e16d66-80 .kt-btn-wrap-0 .kt-button:hover, .wp-block-kadence-advancedbtn.kt-btns3947_e16d66-80 .kt-btn-wrap-0 .kt-button:focus{color:#ffffff;border-color:#444444;}.wp-block-kadence-advancedbtn.kt-btns3947_e16d66-80 .kt-btn-wrap-0 .kt-button::before{display:none;}.wp-block-kadence-advancedbtn.kt-btns3947_e16d66-80 .kt-btn-wrap-0 .kt-button:hover, .wp-block-kadence-advancedbtn.kt-btns3947_e16d66-80 .kt-btn-wrap-0 .kt-button:focus{background:#444444;}<\/style>\n<div class=\"wp-block-kadence-advancedbtn kb-buttons-wrap kb-btns3947_e16d66-80\"><style>.wp-block-kadence-advancedbtn .kb-btn3947_c51e26-ba.kb-button{background:#529b4c;}<\/style><a class=\"kb-button kt-button button kb-btn3947_c51e26-ba kt-btn-size-small kt-btn-width-type-fixed kb-btn-global-inherit  kt-btn-has-text-true kt-btn-has-svg-false  wp-block-button__link wp-block-kadence-singlebtn\" href=\"https:\/\/antiquelimoservices.ca\/fr\/lincoln-stretch-limo-9p\/\"><span class=\"kt-btn-inner-text\">Suivant<\/span><\/a><\/div>\n<\/div>\n<\/div>","protected":false},"excerpt":{"rendered":"<p>Limo Rolls Royce (8P) 8 Passengers \u2013 Off White with white Interior<\/p>","protected":false},"author":1,"featured_media":0,"parent":0,"menu_order":0,"comment_status":"closed","ping_status":"closed","template":"","meta":{"nf_dc_page":"","_eb_attr":"","_kadence_starter_templates_imported_post":false,"_kad_post_transparent":"","_kad_post_title":"","_kad_post_layout":"","_kad_post_sidebar_id":"","_kad_post_content_style":"","_kad_post_vertical_padding":"","_kad_post_feature":"","_kad_post_feature_position":"","_kad_post_header":false,"_kad_post_footer":false,"_kad_post_classname":"","footnotes":""},"class_list":["post-3947","page","type-page","status-publish","hentry"],"yoast_head":"<!-- This site is optimized with the Yoast SEO plugin v27.3 - https:\/\/yoast.com\/product\/yoast-seo-wordpress\/ -->\n<title>Limo Rolls Royce (8P) | Antique Limo Services<\/title>\n<meta name=\"description\" content=\"Rolls Royce Limousine unique in Canada Part of our fleet at Antique Limo Services available for weddings in Laval Montreal south shore\" \/>\n<meta name=\"robots\" content=\"index, follow, max-snippet:-1, max-image-preview:large, max-video-preview:-1\" \/>\n<link rel=\"canonical\" href=\"https:\/\/antiquelimoservices.ca\/fr\/limo-rolls-royce-8p-2\/\" \/>\n<meta property=\"og:locale\" content=\"fr_CA\" \/>\n<meta property=\"og:type\" content=\"article\" \/>\n<meta property=\"og:title\" content=\"Limo Rolls Royce (8P) | Antique Limo Services\" \/>\n<meta property=\"og:description\" content=\"Rolls Royce Limousine unique in Canada Part of our fleet at Antique Limo Services available for weddings in Laval Montreal south shore\" \/>\n<meta property=\"og:url\" content=\"https:\/\/antiquelimoservices.ca\/fr\/limo-rolls-royce-8p-2\/\" \/>\n<meta property=\"og:site_name\" content=\"Antique Limo Services\" \/>\n<meta property=\"article:publisher\" content=\"https:\/\/www.facebook.com\/MetropoleLimousine\" \/>\n<meta property=\"article:modified_time\" content=\"2024-03-26T00:52:03+00:00\" \/>\n<meta property=\"og:image\" content=\"https:\/\/antiquelimoservices.ca\/wp-content\/uploads\/2021\/10\/M_Rolls-Royce-Limo-8-2.jpg\" \/>\n<meta name=\"twitter:card\" content=\"summary_large_image\" \/>\n<meta name=\"twitter:site\" content=\"@antiquelimo\" \/>\n<meta name=\"twitter:label1\" content=\"Estimation du temps de lecture\" \/>\n\t<meta name=\"twitter:data1\" content=\"1 minute\" \/>\n<script type=\"application\/ld+json\" class=\"yoast-schema-graph\">{\"@context\":\"https:\\\/\\\/schema.org\",\"@graph\":[{\"@type\":\"WebPage\",\"@id\":\"https:\\\/\\\/antiquelimoservices.ca\\\/limo-rolls-royce-8p-2\\\/\",\"url\":\"https:\\\/\\\/antiquelimoservices.ca\\\/limo-rolls-royce-8p-2\\\/\",\"name\":\"Limo Rolls Royce (8P) | Antique Limo Services\",\"isPartOf\":{\"@id\":\"https:\\\/\\\/antiquelimoservices.ca\\\/#website\"},\"primaryImageOfPage\":{\"@id\":\"https:\\\/\\\/antiquelimoservices.ca\\\/limo-rolls-royce-8p-2\\\/#primaryimage\"},\"image\":{\"@id\":\"https:\\\/\\\/antiquelimoservices.ca\\\/limo-rolls-royce-8p-2\\\/#primaryimage\"},\"thumbnailUrl\":\"https:\\\/\\\/antiquelimoservices.ca\\\/wp-content\\\/uploads\\\/2021\\\/10\\\/M_Rolls-Royce-Limo-8-2.jpg\",\"datePublished\":\"2024-03-23T20:45:54+00:00\",\"dateModified\":\"2024-03-26T00:52:03+00:00\",\"description\":\"Rolls Royce Limousine unique in Canada Part of our fleet at Antique Limo Services available for weddings in Laval Montreal south shore\",\"breadcrumb\":{\"@id\":\"https:\\\/\\\/antiquelimoservices.ca\\\/limo-rolls-royce-8p-2\\\/#breadcrumb\"},\"inLanguage\":\"fr-CA\",\"potentialAction\":[{\"@type\":\"ReadAction\",\"target\":[\"https:\\\/\\\/antiquelimoservices.ca\\\/limo-rolls-royce-8p-2\\\/\"]}]},{\"@type\":\"ImageObject\",\"inLanguage\":\"fr-CA\",\"@id\":\"https:\\\/\\\/antiquelimoservices.ca\\\/limo-rolls-royce-8p-2\\\/#primaryimage\",\"url\":\"https:\\\/\\\/antiquelimoservices.ca\\\/wp-content\\\/uploads\\\/2021\\\/10\\\/M_Rolls-Royce-Limo-8-2.jpg\",\"contentUrl\":\"https:\\\/\\\/antiquelimoservices.ca\\\/wp-content\\\/uploads\\\/2021\\\/10\\\/M_Rolls-Royce-Limo-8-2.jpg\"},{\"@type\":\"BreadcrumbList\",\"@id\":\"https:\\\/\\\/antiquelimoservices.ca\\\/limo-rolls-royce-8p-2\\\/#breadcrumb\",\"itemListElement\":[{\"@type\":\"ListItem\",\"position\":1,\"name\":\"Home\",\"item\":\"https:\\\/\\\/antiquelimoservices.ca\\\/\"},{\"@type\":\"ListItem\",\"position\":2,\"name\":\"Limo Rolls Royce (8P)\"}]},{\"@type\":\"WebSite\",\"@id\":\"https:\\\/\\\/antiquelimoservices.ca\\\/#website\",\"url\":\"https:\\\/\\\/antiquelimoservices.ca\\\/\",\"name\":\"antiquelimoservices.ca\",\"description\":\"Votre Satisfaction - Notre Priorit\u00e9!-43 years of experience in weddings, wedding anniversaries and special events. We offer a full service including a driver with black suit and white gloves.\",\"publisher\":{\"@id\":\"https:\\\/\\\/antiquelimoservices.ca\\\/#organization\"},\"potentialAction\":[{\"@type\":\"SearchAction\",\"target\":{\"@type\":\"EntryPoint\",\"urlTemplate\":\"https:\\\/\\\/antiquelimoservices.ca\\\/?s={search_term_string}\"},\"query-input\":{\"@type\":\"PropertyValueSpecification\",\"valueRequired\":true,\"valueName\":\"search_term_string\"}}],\"inLanguage\":\"fr-CA\"},{\"@type\":\"Organization\",\"@id\":\"https:\\\/\\\/antiquelimoservices.ca\\\/#organization\",\"name\":\"Antique Limo Services\",\"url\":\"https:\\\/\\\/antiquelimoservices.ca\\\/\",\"logo\":{\"@type\":\"ImageObject\",\"inLanguage\":\"fr-CA\",\"@id\":\"https:\\\/\\\/antiquelimoservices.ca\\\/#\\\/schema\\\/logo\\\/image\\\/\",\"url\":\"https:\\\/\\\/antiquelimoservices.ca\\\/wp-content\\\/uploads\\\/2021\\\/11\\\/Logo112x112.jpg\",\"contentUrl\":\"https:\\\/\\\/antiquelimoservices.ca\\\/wp-content\\\/uploads\\\/2021\\\/11\\\/Logo112x112.jpg\",\"width\":112,\"height\":36,\"caption\":\"Antique Limo Services\"},\"image\":{\"@id\":\"https:\\\/\\\/antiquelimoservices.ca\\\/#\\\/schema\\\/logo\\\/image\\\/\"},\"sameAs\":[\"https:\\\/\\\/www.facebook.com\\\/MetropoleLimousine\",\"https:\\\/\\\/x.com\\\/antiquelimo\",\"https:\\\/\\\/www.instagram.com\\\/antique_limo\\\/\",\"https:\\\/\\\/ca.linkedin.com\\\/in\\\/antique-limo-822464195\"]}]}<\/script>\n<!-- \/ Yoast SEO plugin. -->","yoast_head_json":{"title":"Limo Rolls Royce (8P) | Antique Limo Services","description":"Rolls Royce Limousine unique in Canada Part of our fleet at Antique Limo Services available for weddings in Laval Montreal south shore","robots":{"index":"index","follow":"follow","max-snippet":"max-snippet:-1","max-image-preview":"max-image-preview:large","max-video-preview":"max-video-preview:-1"},"canonical":"https:\/\/antiquelimoservices.ca\/fr\/limo-rolls-royce-8p-2\/","og_locale":"fr_CA","og_type":"article","og_title":"Limo Rolls Royce (8P) | Antique Limo Services","og_description":"Rolls Royce Limousine unique in Canada Part of our fleet at Antique Limo Services available for weddings in Laval Montreal south shore","og_url":"https:\/\/antiquelimoservices.ca\/fr\/limo-rolls-royce-8p-2\/","og_site_name":"Antique Limo Services","article_publisher":"https:\/\/www.facebook.com\/MetropoleLimousine","article_modified_time":"2024-03-26T00:52:03+00:00","og_image":[{"url":"https:\/\/antiquelimoservices.ca\/wp-content\/uploads\/2021\/10\/M_Rolls-Royce-Limo-8-2.jpg","type":"","width":"","height":""}],"twitter_card":"summary_large_image","twitter_site":"@antiquelimo","twitter_misc":{"Estimation du temps de lecture":"1 minute"},"schema":{"@context":"https:\/\/schema.org","@graph":[{"@type":"WebPage","@id":"https:\/\/antiquelimoservices.ca\/limo-rolls-royce-8p-2\/","url":"https:\/\/antiquelimoservices.ca\/limo-rolls-royce-8p-2\/","name":"Limo Rolls Royce (8P) | Antique Limo Services","isPartOf":{"@id":"https:\/\/antiquelimoservices.ca\/#website"},"primaryImageOfPage":{"@id":"https:\/\/antiquelimoservices.ca\/limo-rolls-royce-8p-2\/#primaryimage"},"image":{"@id":"https:\/\/antiquelimoservices.ca\/limo-rolls-royce-8p-2\/#primaryimage"},"thumbnailUrl":"https:\/\/antiquelimoservices.ca\/wp-content\/uploads\/2021\/10\/M_Rolls-Royce-Limo-8-2.jpg","datePublished":"2024-03-23T20:45:54+00:00","dateModified":"2024-03-26T00:52:03+00:00","description":"Rolls Royce Limousine unique in Canada Part of our fleet at Antique Limo Services available for weddings in Laval Montreal south shore","breadcrumb":{"@id":"https:\/\/antiquelimoservices.ca\/limo-rolls-royce-8p-2\/#breadcrumb"},"inLanguage":"fr-CA","potentialAction":[{"@type":"ReadAction","target":["https:\/\/antiquelimoservices.ca\/limo-rolls-royce-8p-2\/"]}]},{"@type":"ImageObject","inLanguage":"fr-CA","@id":"https:\/\/antiquelimoservices.ca\/limo-rolls-royce-8p-2\/#primaryimage","url":"https:\/\/antiquelimoservices.ca\/wp-content\/uploads\/2021\/10\/M_Rolls-Royce-Limo-8-2.jpg","contentUrl":"https:\/\/antiquelimoservices.ca\/wp-content\/uploads\/2021\/10\/M_Rolls-Royce-Limo-8-2.jpg"},{"@type":"BreadcrumbList","@id":"https:\/\/antiquelimoservices.ca\/limo-rolls-royce-8p-2\/#breadcrumb","itemListElement":[{"@type":"ListItem","position":1,"name":"Home","item":"https:\/\/antiquelimoservices.ca\/"},{"@type":"ListItem","position":2,"name":"Limo Rolls Royce (8P)"}]},{"@type":"WebSite","@id":"https:\/\/antiquelimoservices.ca\/#website","url":"https:\/\/antiquelimoservices.ca\/","name":"antiquelimoservices.ca","description":"Votre Satisfaction - Notre Priorit\u00e9!-43 years of experience in weddings, wedding anniversaries and special events. We offer a full service including a driver with black suit and white gloves.","publisher":{"@id":"https:\/\/antiquelimoservices.ca\/#organization"},"potentialAction":[{"@type":"SearchAction","target":{"@type":"EntryPoint","urlTemplate":"https:\/\/antiquelimoservices.ca\/?s={search_term_string}"},"query-input":{"@type":"PropertyValueSpecification","valueRequired":true,"valueName":"search_term_string"}}],"inLanguage":"fr-CA"},{"@type":"Organization","@id":"https:\/\/antiquelimoservices.ca\/#organization","name":"Antique Limo Services","url":"https:\/\/antiquelimoservices.ca\/","logo":{"@type":"ImageObject","inLanguage":"fr-CA","@id":"https:\/\/antiquelimoservices.ca\/#\/schema\/logo\/image\/","url":"https:\/\/antiquelimoservices.ca\/wp-content\/uploads\/2021\/11\/Logo112x112.jpg","contentUrl":"https:\/\/antiquelimoservices.ca\/wp-content\/uploads\/2021\/11\/Logo112x112.jpg","width":112,"height":36,"caption":"Antique Limo Services"},"image":{"@id":"https:\/\/antiquelimoservices.ca\/#\/schema\/logo\/image\/"},"sameAs":["https:\/\/www.facebook.com\/MetropoleLimousine","https:\/\/x.com\/antiquelimo","https:\/\/www.instagram.com\/antique_limo\/","https:\/\/ca.linkedin.com\/in\/antique-limo-822464195"]}]}},"_links":{"self":[{"href":"https:\/\/antiquelimoservices.ca\/fr\/wp-json\/wp\/v2\/pages\/3947","targetHints":{"allow":["GET"]}}],"collection":[{"href":"https:\/\/antiquelimoservices.ca\/fr\/wp-json\/wp\/v2\/pages"}],"about":[{"href":"https:\/\/antiquelimoservices.ca\/fr\/wp-json\/wp\/v2\/types\/page"}],"author":[{"embeddable":true,"href":"https:\/\/antiquelimoservices.ca\/fr\/wp-json\/wp\/v2\/users\/1"}],"replies":[{"embeddable":true,"href":"https:\/\/antiquelimoservices.ca\/fr\/wp-json\/wp\/v2\/comments?post=3947"}],"version-history":[{"count":1,"href":"https:\/\/antiquelimoservices.ca\/fr\/wp-json\/wp\/v2\/pages\/3947\/revisions"}],"predecessor-version":[{"id":4181,"href":"https:\/\/antiquelimoservices.ca\/fr\/wp-json\/wp\/v2\/pages\/3947\/revisions\/4181"}],"wp:attachment":[{"href":"https:\/\/antiquelimoservices.ca\/fr\/wp-json\/wp\/v2\/media?parent=3947"}],"curies":[{"name":"wp","href":"https:\/\/api.w.org\/{rel}","templated":true}]}}